{"id":6927,"date":"2018-09-05T13:37:15","date_gmt":"2018-09-05T12:37:15","guid":{"rendered":"http:\/\/www.atpra.eu\/a-propos-de-nous\/"},"modified":"2018-09-26T15:46:59","modified_gmt":"2018-09-26T14:46:59","slug":"a-propos-de-nous","status":"publish","type":"page","link":"https:\/\/www.atpra.eu\/fr\/a-propos-de-nous\/","title":{"rendered":"\u00c0 propos de nous"},"content":{"rendered":"<p>[et_pb_section fb_built=\u00a0\u00bb1&Prime; _builder_version=\u00a0\u00bb3.0.47&Prime;][et_pb_row _builder_version=\u00a0\u00bb3.0.48&Prime; background_size=\u00a0\u00bbinitial\u00a0\u00bb background_position=\u00a0\u00bbtop_left\u00a0\u00bb background_repeat=\u00a0\u00bbrepeat\u00a0\u00bb][et_pb_column type=\u00a0\u00bb4_4&Prime; _builder_version=\u00a0\u00bb3.0.47&Prime; parallax=\u00a0\u00bboff\u00a0\u00bb parallax_method=\u00a0\u00bbon\u00a0\u00bb][et_pb_image src=\u00a0\u00bbhttps:\/\/www.atpra.eu\/wp-content\/uploads\/2018\/06\/PRApand.jpg\u00a0\u00bb _builder_version=\u00a0\u00bb3.13.1&Prime;][\/et_pb_image][\/et_pb_column][\/et_pb_row][et_pb_row _builder_version=\u00a0\u00bb3.0.48&Prime; background_size=\u00a0\u00bbinitial\u00a0\u00bb background_position=\u00a0\u00bbtop_left\u00a0\u00bb background_repeat=\u00a0\u00bbrepeat\u00a0\u00bb custom_padding=\u00a0\u00bb27px|0px|2px|0px|false|false\u00a0\u00bb][et_pb_column type=\u00a0\u00bb4_4&Prime; _builder_version=\u00a0\u00bb3.0.47&Prime; parallax=\u00a0\u00bboff\u00a0\u00bb parallax_method=\u00a0\u00bbon\u00a0\u00bb][et_pb_text _builder_version=\u00a0\u00bb3.14&Prime;]<\/p>\n<h3>A propos de nous<\/h3>\n<p>[\/et_pb_text][\/et_pb_column][\/et_pb_row][et_pb_row _builder_version=\u00a0\u00bb3.0.48&Prime; background_size=\u00a0\u00bbinitial\u00a0\u00bb background_position=\u00a0\u00bbtop_left\u00a0\u00bb background_repeat=\u00a0\u00bbrepeat\u00a0\u00bb][et_pb_column type=\u00a0\u00bb4_4&Prime; _builder_version=\u00a0\u00bb3.0.47&Prime; parallax=\u00a0\u00bboff\u00a0\u00bb parallax_method=\u00a0\u00bbon\u00a0\u00bb][et_pb_text _builder_version=\u00a0\u00bb3.14&Prime;]<\/p>\n<p>Pan European \u00e9tait \u00e0 l&rsquo;origine une alliance entre diff\u00e9rentes soci\u00e9t\u00e9s de transport europ\u00e9ennes et a des ann\u00e9es d&rsquo;exp\u00e9rience dans l&rsquo;organisation du transport routier \u00e0 travers l&rsquo;Europe. De notre si\u00e8ge social \u00e0 Nijmegen, nous sommes responsables de la planification logistique pour les entreprises de toute l&rsquo;Europe avec une \u00e9quipe multinationale diversifi\u00e9e.<\/p>\n<p>[\/et_pb_text][\/et_pb_column][\/et_pb_row][\/et_pb_section]<\/p>\n","protected":false},"excerpt":{"rendered":"<p>A propos de nous Pan European \u00e9tait \u00e0 l&rsquo;origine une alliance entre diff\u00e9rentes soci\u00e9t\u00e9s de transport europ\u00e9ennes et a des ann\u00e9es d&rsquo;exp\u00e9rience dans l&rsquo;organisation du transport routier \u00e0 travers l&rsquo;Europe. De notre si\u00e8ge social \u00e0 Nijmegen, nous sommes responsables de la planification logistique pour les entreprises de toute l&rsquo;Europe avec une \u00e9quipe multinationale diversifi\u00e9e.<\/p>\n","protected":false},"author":1,"featured_media":0,"parent":0,"menu_order":0,"comment_status":"closed","ping_status":"closed","template":"","meta":{"_et_pb_use_builder":"on","_et_pb_old_content":"","_et_gb_content_width":"","footnotes":""},"class_list":["post-6927","page","type-page","status-publish","hentry"],"yoast_head":"<!-- This site is optimized with the Yoast SEO plugin v27.3 - https:\/\/yoast.com\/product\/yoast-seo-wordpress\/ -->\n<title>\u00c0 propos de nous - PRA<\/title>\n<meta name=\"description\" content=\"Pan European est une alliance entre diff\u00e9rentes soci\u00e9t\u00e9s de transport europ\u00e9ennes. Pan European assure la planification du transport et de la logistique pour des entreprises de toute l&#039;Europe depuis le si\u00e8ge de Nijmegen.\" \/>\n<meta name=\"robots\" content=\"index, follow, max-snippet:-1, max-image-preview:large, max-video-preview:-1\" \/>\n<link rel=\"canonical\" href=\"https:\/\/www.atpra.eu\/fr\/a-propos-de-nous\/\" \/>\n<meta property=\"og:locale\" content=\"fr_FR\" \/>\n<meta property=\"og:type\" content=\"article\" \/>\n<meta property=\"og:title\" content=\"\u00c0 propos de nous - PRA\" \/>\n<meta property=\"og:description\" content=\"Pan European est une alliance entre diff\u00e9rentes soci\u00e9t\u00e9s de transport europ\u00e9ennes. Pan European assure la planification du transport et de la logistique pour des entreprises de toute l&#039;Europe depuis le si\u00e8ge de Nijmegen.\" \/>\n<meta property=\"og:url\" content=\"https:\/\/www.atpra.eu\/fr\/a-propos-de-nous\/\" \/>\n<meta property=\"og:site_name\" content=\"PRA\" \/>\n<meta property=\"article:modified_time\" content=\"2018-09-26T14:46:59+00:00\" \/>\n<meta name=\"twitter:card\" content=\"summary_large_image\" \/>\n<meta name=\"twitter:label1\" content=\"Dur\u00e9e de lecture estim\u00e9e\" \/>\n\t<meta name=\"twitter:data1\" content=\"1 minute\" \/>\n<script type=\"application\/ld+json\" class=\"yoast-schema-graph\">{\"@context\":\"https:\\\/\\\/schema.org\",\"@graph\":[{\"@type\":\"WebPage\",\"@id\":\"https:\\\/\\\/www.atpra.eu\\\/fr\\\/a-propos-de-nous\\\/\",\"url\":\"https:\\\/\\\/www.atpra.eu\\\/fr\\\/a-propos-de-nous\\\/\",\"name\":\"\u00c0 propos de nous - PRA\",\"isPartOf\":{\"@id\":\"https:\\\/\\\/www.atpra.eu\\\/#website\"},\"datePublished\":\"2018-09-05T12:37:15+00:00\",\"dateModified\":\"2018-09-26T14:46:59+00:00\",\"description\":\"Pan European est une alliance entre diff\u00e9rentes soci\u00e9t\u00e9s de transport europ\u00e9ennes. Pan European assure la planification du transport et de la logistique pour des entreprises de toute l'Europe depuis le si\u00e8ge de Nijmegen.\",\"breadcrumb\":{\"@id\":\"https:\\\/\\\/www.atpra.eu\\\/fr\\\/a-propos-de-nous\\\/#breadcrumb\"},\"inLanguage\":\"fr-FR\",\"potentialAction\":[{\"@type\":\"ReadAction\",\"target\":[\"https:\\\/\\\/www.atpra.eu\\\/fr\\\/a-propos-de-nous\\\/\"]}]},{\"@type\":\"BreadcrumbList\",\"@id\":\"https:\\\/\\\/www.atpra.eu\\\/fr\\\/a-propos-de-nous\\\/#breadcrumb\",\"itemListElement\":[{\"@type\":\"ListItem\",\"position\":1,\"name\":\"Home\",\"item\":\"https:\\\/\\\/www.atpra.eu\\\/fr\\\/\"},{\"@type\":\"ListItem\",\"position\":2,\"name\":\"\u00c0 propos de nous\"}]},{\"@type\":\"WebSite\",\"@id\":\"https:\\\/\\\/www.atpra.eu\\\/#website\",\"url\":\"https:\\\/\\\/www.atpra.eu\\\/\",\"name\":\"PRA\",\"description\":\"Transeuropean roadtransport\",\"potentialAction\":[{\"@type\":\"SearchAction\",\"target\":{\"@type\":\"EntryPoint\",\"urlTemplate\":\"https:\\\/\\\/www.atpra.eu\\\/?s={search_term_string}\"},\"query-input\":{\"@type\":\"PropertyValueSpecification\",\"valueRequired\":true,\"valueName\":\"search_term_string\"}}],\"inLanguage\":\"fr-FR\"}]}<\/script>\n<!-- \/ Yoast SEO plugin. -->","yoast_head_json":{"title":"\u00c0 propos de nous - PRA","description":"Pan European est une alliance entre diff\u00e9rentes soci\u00e9t\u00e9s de transport europ\u00e9ennes. Pan European assure la planification du transport et de la logistique pour des entreprises de toute l'Europe depuis le si\u00e8ge de Nijmegen.","robots":{"index":"index","follow":"follow","max-snippet":"max-snippet:-1","max-image-preview":"max-image-preview:large","max-video-preview":"max-video-preview:-1"},"canonical":"https:\/\/www.atpra.eu\/fr\/a-propos-de-nous\/","og_locale":"fr_FR","og_type":"article","og_title":"\u00c0 propos de nous - PRA","og_description":"Pan European est une alliance entre diff\u00e9rentes soci\u00e9t\u00e9s de transport europ\u00e9ennes. Pan European assure la planification du transport et de la logistique pour des entreprises de toute l'Europe depuis le si\u00e8ge de Nijmegen.","og_url":"https:\/\/www.atpra.eu\/fr\/a-propos-de-nous\/","og_site_name":"PRA","article_modified_time":"2018-09-26T14:46:59+00:00","twitter_card":"summary_large_image","twitter_misc":{"Dur\u00e9e de lecture estim\u00e9e":"1 minute"},"schema":{"@context":"https:\/\/schema.org","@graph":[{"@type":"WebPage","@id":"https:\/\/www.atpra.eu\/fr\/a-propos-de-nous\/","url":"https:\/\/www.atpra.eu\/fr\/a-propos-de-nous\/","name":"\u00c0 propos de nous - PRA","isPartOf":{"@id":"https:\/\/www.atpra.eu\/#website"},"datePublished":"2018-09-05T12:37:15+00:00","dateModified":"2018-09-26T14:46:59+00:00","description":"Pan European est une alliance entre diff\u00e9rentes soci\u00e9t\u00e9s de transport europ\u00e9ennes. Pan European assure la planification du transport et de la logistique pour des entreprises de toute l'Europe depuis le si\u00e8ge de Nijmegen.","breadcrumb":{"@id":"https:\/\/www.atpra.eu\/fr\/a-propos-de-nous\/#breadcrumb"},"inLanguage":"fr-FR","potentialAction":[{"@type":"ReadAction","target":["https:\/\/www.atpra.eu\/fr\/a-propos-de-nous\/"]}]},{"@type":"BreadcrumbList","@id":"https:\/\/www.atpra.eu\/fr\/a-propos-de-nous\/#breadcrumb","itemListElement":[{"@type":"ListItem","position":1,"name":"Home","item":"https:\/\/www.atpra.eu\/fr\/"},{"@type":"ListItem","position":2,"name":"\u00c0 propos de nous"}]},{"@type":"WebSite","@id":"https:\/\/www.atpra.eu\/#website","url":"https:\/\/www.atpra.eu\/","name":"PRA","description":"Transeuropean roadtransport","potentialAction":[{"@type":"SearchAction","target":{"@type":"EntryPoint","urlTemplate":"https:\/\/www.atpra.eu\/?s={search_term_string}"},"query-input":{"@type":"PropertyValueSpecification","valueRequired":true,"valueName":"search_term_string"}}],"inLanguage":"fr-FR"}]}},"_links":{"self":[{"href":"https:\/\/www.atpra.eu\/fr\/wp-json\/wp\/v2\/pages\/6927","targetHints":{"allow":["GET"]}}],"collection":[{"href":"https:\/\/www.atpra.eu\/fr\/wp-json\/wp\/v2\/pages"}],"about":[{"href":"https:\/\/www.atpra.eu\/fr\/wp-json\/wp\/v2\/types\/page"}],"author":[{"embeddable":true,"href":"https:\/\/www.atpra.eu\/fr\/wp-json\/wp\/v2\/users\/1"}],"replies":[{"embeddable":true,"href":"https:\/\/www.atpra.eu\/fr\/wp-json\/wp\/v2\/comments?post=6927"}],"version-history":[{"count":4,"href":"https:\/\/www.atpra.eu\/fr\/wp-json\/wp\/v2\/pages\/6927\/revisions"}],"predecessor-version":[{"id":7331,"href":"https:\/\/www.atpra.eu\/fr\/wp-json\/wp\/v2\/pages\/6927\/revisions\/7331"}],"wp:attachment":[{"href":"https:\/\/www.atpra.eu\/fr\/wp-json\/wp\/v2\/media?parent=6927"}],"curies":[{"name":"wp","href":"https:\/\/api.w.org\/{rel}","templated":true}]}}