{"id":6938,"date":"2018-09-05T13:39:38","date_gmt":"2018-09-05T12:39:38","guid":{"rendered":"http:\/\/www.atpra.eu\/transport\/"},"modified":"2018-09-26T15:53:59","modified_gmt":"2018-09-26T14:53:59","slug":"transport","status":"publish","type":"page","link":"https:\/\/www.atpra.eu\/de\/transport\/","title":{"rendered":"Transport"},"content":{"rendered":"<p>[et_pb_section fb_built=&#8220;1&#8243; _builder_version=&#8220;3.0.47&#8243;][et_pb_row _builder_version=&#8220;3.0.47&#8243; background_size=&#8220;initial&#8220; background_position=&#8220;top_left&#8220; background_repeat=&#8220;repeat&#8220;][et_pb_column type=&#8220;4_4&#8243; _builder_version=&#8220;3.0.47&#8243; parallax=&#8220;off&#8220; parallax_method=&#8220;on&#8220;][et_pb_image src=&#8220;https:\/\/www.atpra.eu\/wp-content\/uploads\/2018\/09\/pand2b.jpg&#8220; _builder_version=&#8220;3.13.1&#8243;][\/et_pb_image][\/et_pb_column][\/et_pb_row][et_pb_row _builder_version=&#8220;3.0.47&#8243; background_size=&#8220;initial&#8220; background_position=&#8220;top_left&#8220; background_repeat=&#8220;repeat&#8220; custom_padding=&#8220;27px|0px|3px|0px|false|false&#8220;][et_pb_column type=&#8220;4_4&#8243; _builder_version=&#8220;3.0.47&#8243; parallax=&#8220;off&#8220; parallax_method=&#8220;on&#8220;][et_pb_text _builder_version=&#8220;3.14&#8243;]<\/p>\n<h3>Transport<\/h3>\n<p>[\/et_pb_text][\/et_pb_column][\/et_pb_row][et_pb_row _builder_version=&#8220;3.0.47&#8243; background_size=&#8220;initial&#8220; background_position=&#8220;top_left&#8220; background_repeat=&#8220;repeat&#8220;][et_pb_column type=&#8220;4_4&#8243; _builder_version=&#8220;3.0.47&#8243; parallax=&#8220;off&#8220; parallax_method=&#8220;on&#8220;][et_pb_text _builder_version=&#8220;3.14&#8243;]<\/p>\n<p>Pan European konzentriert sich haupts\u00e4chlich auf den internationalen Stra\u00dfenverkehr. Meist FTL und gr\u00f6\u00dfere LTL Parteien. Wir verwenden eine Flotte von (meist) Standard-Tautlinern. So wie die Logistik immer in Bewegung ist, ist auch unsere Flotte! Dar\u00fcber hinaus bieten wir auch konditionierten Transport, aber auch zum Beispiel mit offenen Anh\u00e4ngern.<\/p>\n<p>[\/et_pb_text][\/et_pb_column][\/et_pb_row][\/et_pb_section]<\/p>\n","protected":false},"excerpt":{"rendered":"<p>Transport Pan European konzentriert sich haupts\u00e4chlich auf den internationalen Stra\u00dfenverkehr. Meist FTL und gr\u00f6\u00dfere LTL Parteien. Wir verwenden eine Flotte von (meist) Standard-Tautlinern. So wie die Logistik immer in Bewegung ist, ist auch unsere Flotte! Dar\u00fcber hinaus bieten wir auch konditionierten Transport, aber auch zum Beispiel mit offenen Anh\u00e4ngern.<\/p>\n","protected":false},"author":1,"featured_media":0,"parent":0,"menu_order":0,"comment_status":"closed","ping_status":"closed","template":"","meta":{"_et_pb_use_builder":"on","_et_pb_old_content":"","_et_gb_content_width":"","footnotes":""},"class_list":["post-6938","page","type-page","status-publish","hentry"],"yoast_head":"<!-- This site is optimized with the Yoast SEO plugin v27.3 - https:\/\/yoast.com\/product\/yoast-seo-wordpress\/ -->\n<title>Transport - PRA<\/title>\n<meta name=\"description\" content=\"Pan European ist eine Allianz zwischen verschiedenen europ\u00e4ischen Transportunternehmen. Logistische Planung und Transport von Nimwegen aus.\" \/>\n<meta name=\"robots\" content=\"index, follow, max-snippet:-1, max-image-preview:large, max-video-preview:-1\" \/>\n<link rel=\"canonical\" href=\"https:\/\/www.atpra.eu\/de\/transport\/\" \/>\n<meta property=\"og:locale\" content=\"de_DE\" \/>\n<meta property=\"og:type\" content=\"article\" \/>\n<meta property=\"og:title\" content=\"Transport - PRA\" \/>\n<meta property=\"og:description\" content=\"Pan European ist eine Allianz zwischen verschiedenen europ\u00e4ischen Transportunternehmen. Logistische Planung und Transport von Nimwegen aus.\" \/>\n<meta property=\"og:url\" content=\"https:\/\/www.atpra.eu\/de\/transport\/\" \/>\n<meta property=\"og:site_name\" content=\"PRA\" \/>\n<meta property=\"article:modified_time\" content=\"2018-09-26T14:53:59+00:00\" \/>\n<meta name=\"twitter:card\" content=\"summary_large_image\" \/>\n<meta name=\"twitter:label1\" content=\"Gesch\u00e4tzte Lesezeit\" \/>\n\t<meta name=\"twitter:data1\" content=\"1\u00a0Minute\" \/>\n<script type=\"application\/ld+json\" class=\"yoast-schema-graph\">{\"@context\":\"https:\\\/\\\/schema.org\",\"@graph\":[{\"@type\":\"WebPage\",\"@id\":\"https:\\\/\\\/www.atpra.eu\\\/de\\\/transport\\\/\",\"url\":\"https:\\\/\\\/www.atpra.eu\\\/de\\\/transport\\\/\",\"name\":\"Transport - PRA\",\"isPartOf\":{\"@id\":\"https:\\\/\\\/www.atpra.eu\\\/#website\"},\"datePublished\":\"2018-09-05T12:39:38+00:00\",\"dateModified\":\"2018-09-26T14:53:59+00:00\",\"description\":\"Pan European ist eine Allianz zwischen verschiedenen europ\u00e4ischen Transportunternehmen. Logistische Planung und Transport von Nimwegen aus.\",\"breadcrumb\":{\"@id\":\"https:\\\/\\\/www.atpra.eu\\\/de\\\/transport\\\/#breadcrumb\"},\"inLanguage\":\"de\",\"potentialAction\":[{\"@type\":\"ReadAction\",\"target\":[\"https:\\\/\\\/www.atpra.eu\\\/de\\\/transport\\\/\"]}]},{\"@type\":\"BreadcrumbList\",\"@id\":\"https:\\\/\\\/www.atpra.eu\\\/de\\\/transport\\\/#breadcrumb\",\"itemListElement\":[{\"@type\":\"ListItem\",\"position\":1,\"name\":\"Home\",\"item\":\"https:\\\/\\\/www.atpra.eu\\\/de\\\/\"},{\"@type\":\"ListItem\",\"position\":2,\"name\":\"Transport\"}]},{\"@type\":\"WebSite\",\"@id\":\"https:\\\/\\\/www.atpra.eu\\\/#website\",\"url\":\"https:\\\/\\\/www.atpra.eu\\\/\",\"name\":\"PRA\",\"description\":\"Transeuropean roadtransport\",\"potentialAction\":[{\"@type\":\"SearchAction\",\"target\":{\"@type\":\"EntryPoint\",\"urlTemplate\":\"https:\\\/\\\/www.atpra.eu\\\/?s={search_term_string}\"},\"query-input\":{\"@type\":\"PropertyValueSpecification\",\"valueRequired\":true,\"valueName\":\"search_term_string\"}}],\"inLanguage\":\"de\"}]}<\/script>\n<!-- \/ Yoast SEO plugin. -->","yoast_head_json":{"title":"Transport - PRA","description":"Pan European ist eine Allianz zwischen verschiedenen europ\u00e4ischen Transportunternehmen. Logistische Planung und Transport von Nimwegen aus.","robots":{"index":"index","follow":"follow","max-snippet":"max-snippet:-1","max-image-preview":"max-image-preview:large","max-video-preview":"max-video-preview:-1"},"canonical":"https:\/\/www.atpra.eu\/de\/transport\/","og_locale":"de_DE","og_type":"article","og_title":"Transport - PRA","og_description":"Pan European ist eine Allianz zwischen verschiedenen europ\u00e4ischen Transportunternehmen. Logistische Planung und Transport von Nimwegen aus.","og_url":"https:\/\/www.atpra.eu\/de\/transport\/","og_site_name":"PRA","article_modified_time":"2018-09-26T14:53:59+00:00","twitter_card":"summary_large_image","twitter_misc":{"Gesch\u00e4tzte Lesezeit":"1\u00a0Minute"},"schema":{"@context":"https:\/\/schema.org","@graph":[{"@type":"WebPage","@id":"https:\/\/www.atpra.eu\/de\/transport\/","url":"https:\/\/www.atpra.eu\/de\/transport\/","name":"Transport - PRA","isPartOf":{"@id":"https:\/\/www.atpra.eu\/#website"},"datePublished":"2018-09-05T12:39:38+00:00","dateModified":"2018-09-26T14:53:59+00:00","description":"Pan European ist eine Allianz zwischen verschiedenen europ\u00e4ischen Transportunternehmen. Logistische Planung und Transport von Nimwegen aus.","breadcrumb":{"@id":"https:\/\/www.atpra.eu\/de\/transport\/#breadcrumb"},"inLanguage":"de","potentialAction":[{"@type":"ReadAction","target":["https:\/\/www.atpra.eu\/de\/transport\/"]}]},{"@type":"BreadcrumbList","@id":"https:\/\/www.atpra.eu\/de\/transport\/#breadcrumb","itemListElement":[{"@type":"ListItem","position":1,"name":"Home","item":"https:\/\/www.atpra.eu\/de\/"},{"@type":"ListItem","position":2,"name":"Transport"}]},{"@type":"WebSite","@id":"https:\/\/www.atpra.eu\/#website","url":"https:\/\/www.atpra.eu\/","name":"PRA","description":"Transeuropean roadtransport","potentialAction":[{"@type":"SearchAction","target":{"@type":"EntryPoint","urlTemplate":"https:\/\/www.atpra.eu\/?s={search_term_string}"},"query-input":{"@type":"PropertyValueSpecification","valueRequired":true,"valueName":"search_term_string"}}],"inLanguage":"de"}]}},"_links":{"self":[{"href":"https:\/\/www.atpra.eu\/de\/wp-json\/wp\/v2\/pages\/6938","targetHints":{"allow":["GET"]}}],"collection":[{"href":"https:\/\/www.atpra.eu\/de\/wp-json\/wp\/v2\/pages"}],"about":[{"href":"https:\/\/www.atpra.eu\/de\/wp-json\/wp\/v2\/types\/page"}],"author":[{"embeddable":true,"href":"https:\/\/www.atpra.eu\/de\/wp-json\/wp\/v2\/users\/1"}],"replies":[{"embeddable":true,"href":"https:\/\/www.atpra.eu\/de\/wp-json\/wp\/v2\/comments?post=6938"}],"version-history":[{"count":4,"href":"https:\/\/www.atpra.eu\/de\/wp-json\/wp\/v2\/pages\/6938\/revisions"}],"predecessor-version":[{"id":7338,"href":"https:\/\/www.atpra.eu\/de\/wp-json\/wp\/v2\/pages\/6938\/revisions\/7338"}],"wp:attachment":[{"href":"https:\/\/www.atpra.eu\/de\/wp-json\/wp\/v2\/media?parent=6938"}],"curies":[{"name":"wp","href":"https:\/\/api.w.org\/{rel}","templated":true}]}}