{"id":6929,"date":"2018-09-05T13:37:40","date_gmt":"2018-09-05T12:37:40","guid":{"rendered":"http:\/\/www.atpra.eu\/uber-uns\/"},"modified":"2018-09-26T15:48:16","modified_gmt":"2018-09-26T14:48:16","slug":"uber-uns","status":"publish","type":"page","link":"https:\/\/www.atpra.eu\/de\/uber-uns\/","title":{"rendered":"\u00dcber uns"},"content":{"rendered":"<p>[et_pb_section fb_built=&#8220;1&#8243; _builder_version=&#8220;3.0.47&#8243;][et_pb_row _builder_version=&#8220;3.0.48&#8243; background_size=&#8220;initial&#8220; background_position=&#8220;top_left&#8220; background_repeat=&#8220;repeat&#8220;][et_pb_column type=&#8220;4_4&#8243; _builder_version=&#8220;3.0.47&#8243; parallax=&#8220;off&#8220; parallax_method=&#8220;on&#8220;][et_pb_image src=&#8220;https:\/\/www.atpra.eu\/wp-content\/uploads\/2018\/06\/PRApand.jpg&#8220; _builder_version=&#8220;3.13.1&#8243;][\/et_pb_image][\/et_pb_column][\/et_pb_row][et_pb_row _builder_version=&#8220;3.0.48&#8243; background_size=&#8220;initial&#8220; background_position=&#8220;top_left&#8220; background_repeat=&#8220;repeat&#8220; custom_padding=&#8220;27px|0px|2px|0px|false|false&#8220;][et_pb_column type=&#8220;4_4&#8243; _builder_version=&#8220;3.0.47&#8243; parallax=&#8220;off&#8220; parallax_method=&#8220;on&#8220;][et_pb_text _builder_version=&#8220;3.14&#8243;]<\/p>\n<h3>\u00dcber uns<\/h3>\n<p>[\/et_pb_text][\/et_pb_column][\/et_pb_row][et_pb_row _builder_version=&#8220;3.0.48&#8243; background_size=&#8220;initial&#8220; background_position=&#8220;top_left&#8220; background_repeat=&#8220;repeat&#8220;][et_pb_column type=&#8220;4_4&#8243; _builder_version=&#8220;3.0.47&#8243; parallax=&#8220;off&#8220; parallax_method=&#8220;on&#8220;][et_pb_text _builder_version=&#8220;3.14&#8243;]<\/p>\n<p>Pan European wurde urspr\u00fcnglich als B\u00fcndnis zwischen verschiedenen europ\u00e4ischen Transportunternehmen gegr\u00fcndet und hat jahrelange Erfahrung in der Organisation des Stra\u00dfenverkehrs durch Europa. Von unserem Hauptsitz in Nijmegen aus sind wir f\u00fcr die logistische Planung von Unternehmen aus ganz Europa mit einem vielf\u00e4ltigen multinationalen Team verantwortlich.<\/p>\n<p>[\/et_pb_text][\/et_pb_column][\/et_pb_row][\/et_pb_section]<\/p>\n","protected":false},"excerpt":{"rendered":"<p>\u00dcber uns Pan European wurde urspr\u00fcnglich als B\u00fcndnis zwischen verschiedenen europ\u00e4ischen Transportunternehmen gegr\u00fcndet und hat jahrelange Erfahrung in der Organisation des Stra\u00dfenverkehrs durch Europa. Von unserem Hauptsitz in Nijmegen aus sind wir f\u00fcr die logistische Planung von Unternehmen aus ganz Europa mit einem vielf\u00e4ltigen multinationalen Team verantwortlich.<\/p>\n","protected":false},"author":1,"featured_media":0,"parent":0,"menu_order":0,"comment_status":"closed","ping_status":"closed","template":"","meta":{"_et_pb_use_builder":"on","_et_pb_old_content":"","_et_gb_content_width":"","footnotes":""},"class_list":["post-6929","page","type-page","status-publish","hentry"],"yoast_head":"<!-- This site is optimized with the Yoast SEO plugin v27.3 - https:\/\/yoast.com\/product\/yoast-seo-wordpress\/ -->\n<title>\u00dcber uns - PRA<\/title>\n<meta name=\"description\" content=\"Pan European ist eine Allianz zwischen verschiedenen europ\u00e4ischen Transportunternehmen. Pan European bietet Transport- und Logistikplanung f\u00fcr Unternehmen aus ganz Europa vom Hauptsitz in Nijmegen aus.\" \/>\n<meta name=\"robots\" content=\"index, follow, max-snippet:-1, max-image-preview:large, max-video-preview:-1\" \/>\n<link rel=\"canonical\" href=\"https:\/\/www.atpra.eu\/de\/uber-uns\/\" \/>\n<meta property=\"og:locale\" content=\"de_DE\" \/>\n<meta property=\"og:type\" content=\"article\" \/>\n<meta property=\"og:title\" content=\"\u00dcber uns - PRA\" \/>\n<meta property=\"og:description\" content=\"Pan European ist eine Allianz zwischen verschiedenen europ\u00e4ischen Transportunternehmen. Pan European bietet Transport- und Logistikplanung f\u00fcr Unternehmen aus ganz Europa vom Hauptsitz in Nijmegen aus.\" \/>\n<meta property=\"og:url\" content=\"https:\/\/www.atpra.eu\/de\/uber-uns\/\" \/>\n<meta property=\"og:site_name\" content=\"PRA\" \/>\n<meta property=\"article:modified_time\" content=\"2018-09-26T14:48:16+00:00\" \/>\n<meta name=\"twitter:card\" content=\"summary_large_image\" \/>\n<meta name=\"twitter:label1\" content=\"Gesch\u00e4tzte Lesezeit\" \/>\n\t<meta name=\"twitter:data1\" content=\"1\u00a0Minute\" \/>\n<script type=\"application\/ld+json\" class=\"yoast-schema-graph\">{\"@context\":\"https:\\\/\\\/schema.org\",\"@graph\":[{\"@type\":\"WebPage\",\"@id\":\"https:\\\/\\\/www.atpra.eu\\\/de\\\/uber-uns\\\/\",\"url\":\"https:\\\/\\\/www.atpra.eu\\\/de\\\/uber-uns\\\/\",\"name\":\"\u00dcber uns - PRA\",\"isPartOf\":{\"@id\":\"https:\\\/\\\/www.atpra.eu\\\/#website\"},\"datePublished\":\"2018-09-05T12:37:40+00:00\",\"dateModified\":\"2018-09-26T14:48:16+00:00\",\"description\":\"Pan European ist eine Allianz zwischen verschiedenen europ\u00e4ischen Transportunternehmen. Pan European bietet Transport- und Logistikplanung f\u00fcr Unternehmen aus ganz Europa vom Hauptsitz in Nijmegen aus.\",\"breadcrumb\":{\"@id\":\"https:\\\/\\\/www.atpra.eu\\\/de\\\/uber-uns\\\/#breadcrumb\"},\"inLanguage\":\"de\",\"potentialAction\":[{\"@type\":\"ReadAction\",\"target\":[\"https:\\\/\\\/www.atpra.eu\\\/de\\\/uber-uns\\\/\"]}]},{\"@type\":\"BreadcrumbList\",\"@id\":\"https:\\\/\\\/www.atpra.eu\\\/de\\\/uber-uns\\\/#breadcrumb\",\"itemListElement\":[{\"@type\":\"ListItem\",\"position\":1,\"name\":\"Home\",\"item\":\"https:\\\/\\\/www.atpra.eu\\\/de\\\/\"},{\"@type\":\"ListItem\",\"position\":2,\"name\":\"\u00dcber uns\"}]},{\"@type\":\"WebSite\",\"@id\":\"https:\\\/\\\/www.atpra.eu\\\/#website\",\"url\":\"https:\\\/\\\/www.atpra.eu\\\/\",\"name\":\"PRA\",\"description\":\"Transeuropean roadtransport\",\"potentialAction\":[{\"@type\":\"SearchAction\",\"target\":{\"@type\":\"EntryPoint\",\"urlTemplate\":\"https:\\\/\\\/www.atpra.eu\\\/?s={search_term_string}\"},\"query-input\":{\"@type\":\"PropertyValueSpecification\",\"valueRequired\":true,\"valueName\":\"search_term_string\"}}],\"inLanguage\":\"de\"}]}<\/script>\n<!-- \/ Yoast SEO plugin. -->","yoast_head_json":{"title":"\u00dcber uns - PRA","description":"Pan European ist eine Allianz zwischen verschiedenen europ\u00e4ischen Transportunternehmen. Pan European bietet Transport- und Logistikplanung f\u00fcr Unternehmen aus ganz Europa vom Hauptsitz in Nijmegen aus.","robots":{"index":"index","follow":"follow","max-snippet":"max-snippet:-1","max-image-preview":"max-image-preview:large","max-video-preview":"max-video-preview:-1"},"canonical":"https:\/\/www.atpra.eu\/de\/uber-uns\/","og_locale":"de_DE","og_type":"article","og_title":"\u00dcber uns - PRA","og_description":"Pan European ist eine Allianz zwischen verschiedenen europ\u00e4ischen Transportunternehmen. Pan European bietet Transport- und Logistikplanung f\u00fcr Unternehmen aus ganz Europa vom Hauptsitz in Nijmegen aus.","og_url":"https:\/\/www.atpra.eu\/de\/uber-uns\/","og_site_name":"PRA","article_modified_time":"2018-09-26T14:48:16+00:00","twitter_card":"summary_large_image","twitter_misc":{"Gesch\u00e4tzte Lesezeit":"1\u00a0Minute"},"schema":{"@context":"https:\/\/schema.org","@graph":[{"@type":"WebPage","@id":"https:\/\/www.atpra.eu\/de\/uber-uns\/","url":"https:\/\/www.atpra.eu\/de\/uber-uns\/","name":"\u00dcber uns - PRA","isPartOf":{"@id":"https:\/\/www.atpra.eu\/#website"},"datePublished":"2018-09-05T12:37:40+00:00","dateModified":"2018-09-26T14:48:16+00:00","description":"Pan European ist eine Allianz zwischen verschiedenen europ\u00e4ischen Transportunternehmen. Pan European bietet Transport- und Logistikplanung f\u00fcr Unternehmen aus ganz Europa vom Hauptsitz in Nijmegen aus.","breadcrumb":{"@id":"https:\/\/www.atpra.eu\/de\/uber-uns\/#breadcrumb"},"inLanguage":"de","potentialAction":[{"@type":"ReadAction","target":["https:\/\/www.atpra.eu\/de\/uber-uns\/"]}]},{"@type":"BreadcrumbList","@id":"https:\/\/www.atpra.eu\/de\/uber-uns\/#breadcrumb","itemListElement":[{"@type":"ListItem","position":1,"name":"Home","item":"https:\/\/www.atpra.eu\/de\/"},{"@type":"ListItem","position":2,"name":"\u00dcber uns"}]},{"@type":"WebSite","@id":"https:\/\/www.atpra.eu\/#website","url":"https:\/\/www.atpra.eu\/","name":"PRA","description":"Transeuropean roadtransport","potentialAction":[{"@type":"SearchAction","target":{"@type":"EntryPoint","urlTemplate":"https:\/\/www.atpra.eu\/?s={search_term_string}"},"query-input":{"@type":"PropertyValueSpecification","valueRequired":true,"valueName":"search_term_string"}}],"inLanguage":"de"}]}},"_links":{"self":[{"href":"https:\/\/www.atpra.eu\/de\/wp-json\/wp\/v2\/pages\/6929","targetHints":{"allow":["GET"]}}],"collection":[{"href":"https:\/\/www.atpra.eu\/de\/wp-json\/wp\/v2\/pages"}],"about":[{"href":"https:\/\/www.atpra.eu\/de\/wp-json\/wp\/v2\/types\/page"}],"author":[{"embeddable":true,"href":"https:\/\/www.atpra.eu\/de\/wp-json\/wp\/v2\/users\/1"}],"replies":[{"embeddable":true,"href":"https:\/\/www.atpra.eu\/de\/wp-json\/wp\/v2\/comments?post=6929"}],"version-history":[{"count":4,"href":"https:\/\/www.atpra.eu\/de\/wp-json\/wp\/v2\/pages\/6929\/revisions"}],"predecessor-version":[{"id":7332,"href":"https:\/\/www.atpra.eu\/de\/wp-json\/wp\/v2\/pages\/6929\/revisions\/7332"}],"wp:attachment":[{"href":"https:\/\/www.atpra.eu\/de\/wp-json\/wp\/v2\/media?parent=6929"}],"curies":[{"name":"wp","href":"https:\/\/api.w.org\/{rel}","templated":true}]}}