{"id":6917,"date":"2018-09-05T13:33:13","date_gmt":"2018-09-05T12:33:13","guid":{"rendered":"http:\/\/www.atpra.eu\/allgemeine-geschaftsbedingungen\/"},"modified":"2018-10-05T09:54:12","modified_gmt":"2018-10-05T08:54:12","slug":"allgemeine-geschaftsbedingungen","status":"publish","type":"page","link":"https:\/\/www.atpra.eu\/de\/allgemeine-geschaftsbedingungen\/","title":{"rendered":"Allgemeine Gesch\u00e4ftsbedingungen"},"content":{"rendered":"<p>[et_pb_section fb_built=&#8220;1&#8243; _builder_version=&#8220;3.0.47&#8243;][et_pb_row _builder_version=&#8220;3.0.48&#8243; background_size=&#8220;initial&#8220; background_position=&#8220;top_left&#8220; background_repeat=&#8220;repeat&#8220;][et_pb_column type=&#8220;4_4&#8243; _builder_version=&#8220;3.0.47&#8243; parallax=&#8220;off&#8220; parallax_method=&#8220;on&#8220;][et_pb_image src=&#8220;https:\/\/www.atpra.eu\/wp-content\/uploads\/2018\/06\/PRA-vrachtauto.jpg&#8220; _builder_version=&#8220;3.7&#8243;][\/et_pb_image][et_pb_text _builder_version=&#8220;3.14&#8243;]<\/p>\n<h3>Allgemeine Gesch\u00e4ftsbedingungen<\/h3>\n<p>[\/et_pb_text][\/et_pb_column][\/et_pb_row][et_pb_row custom_padding=&#8220;|20px||20px&#8220; _builder_version=&#8220;3.7&#8243; background_color=&#8220;#f6f6f6&#8243; background_size=&#8220;initial&#8220; background_position=&#8220;top_left&#8220; background_repeat=&#8220;repeat&#8220;][et_pb_column type=&#8220;3_4&#8243; _builder_version=&#8220;3.0.47&#8243; parallax=&#8220;off&#8220; parallax_method=&#8220;on&#8220;][et_pb_text _builder_version=&#8220;3.14&#8243;]<a href=\"https:\/\/www.atpra.eu\/wp-content\/uploads\/2018\/06\/vlagNL.gif\"><img loading=\"lazy\" decoding=\"async\" class=\"wp-image-6874 alignnone size-full\" src=\"https:\/\/www.atpra.eu\/wp-content\/uploads\/2018\/06\/vlagNL.gif\" alt=\"Nederlands\" width=\"33\" height=\"17\" \/><\/a><br \/>\nOp alle werkzaamheden zijn de Fenex-condities van toepassing, alsmede de TLN betalingscondities. In juridische zaken is de Rechtbank te Rotterdam de enige met jurisdictie. Nederlands recht is van toepassing.<br \/>\n[\/et_pb_text][\/et_pb_column][et_pb_column type=&#8220;1_4&#8243; _builder_version=&#8220;3.0.47&#8243; parallax=&#8220;off&#8220; parallax_method=&#8220;on&#8220;][\/et_pb_column][\/et_pb_row][et_pb_row custom_padding=&#8220;0|20px||20px|false|false&#8220; _builder_version=&#8220;3.14&#8243; background_color=&#8220;#f6f6f6&#8243; background_size=&#8220;initial&#8220; background_position=&#8220;top_left&#8220; background_repeat=&#8220;repeat&#8220;][et_pb_column type=&#8220;1_4&#8243; _builder_version=&#8220;3.0.47&#8243; parallax=&#8220;off&#8220; parallax_method=&#8220;on&#8220;][et_pb_blurb url=&#8220;https:\/\/www.atpra.eu\/wp-content\/uploads\/2018\/10\/NL-NEDERLANDSE-EXPEDITIEVOORWAARDEN-TEKST-DEPONERING-ZONDER-LOGO-per-1-mei-2018.pdf&#8220; url_new_window=&#8220;on&#8220; image=&#8220;https:\/\/www.atpra.eu\/wp-content\/uploads\/2018\/06\/document.png&#8220; _builder_version=&#8220;3.15&#8243;]<\/p>\n<p style=\"text-align: center;\"><strong><a href=\"https:\/\/www.atpra.eu\/wp-content\/uploads\/2018\/10\/NL-NEDERLANDSE-EXPEDITIEVOORWAARDEN-TEKST-DEPONERING-ZONDER-LOGO-per-1-mei-2018.pdf\" target=\"_blank\" rel=\"noopener noreferrer\">Algemene voorwaarden<\/a><\/strong><\/p>\n<p>[\/et_pb_blurb][\/et_pb_column][et_pb_column type=&#8220;1_4&#8243; _builder_version=&#8220;3.0.47&#8243; parallax=&#8220;off&#8220; parallax_method=&#8220;on&#8220;][et_pb_blurb url=&#8220;https:\/\/www.atpra.eu\/wp-content\/uploads\/2018\/09\/10003_Fenex-voorwaarden-Logistieke-activiteiten-NL.pdf&#8220; url_new_window=&#8220;on&#8220; image=&#8220;https:\/\/www.atpra.eu\/wp-content\/uploads\/2018\/06\/document.png&#8220; _builder_version=&#8220;3.14&#8243;]<\/p>\n<p style=\"text-align: center;\"><a href=\"https:\/\/www.atpra.eu\/wp-content\/uploads\/2018\/09\/10003_Fenex-voorwaarden-Logistieke-activiteiten-NL.pdf\" target=\"_blank\" rel=\"noopener noreferrer\"><strong>Voorwaarden<br \/>\nlogistieke activiteiten<\/strong><\/a><\/p>\n<p>[\/et_pb_blurb][\/et_pb_column][et_pb_column type=&#8220;1_4&#8243; _builder_version=&#8220;3.0.47&#8243; parallax=&#8220;off&#8220; parallax_method=&#8220;on&#8220;][et_pb_blurb url=&#8220;https:\/\/www.atpra.eu\/wp-content\/uploads\/2018\/09\/10004_TLN_Betalingsvoorwaarden_2002-NL.pdf&#8220; url_new_window=&#8220;on&#8220; image=&#8220;https:\/\/www.atpra.eu\/wp-content\/uploads\/2018\/06\/document.png&#8220; _builder_version=&#8220;3.14&#8243;]<\/p>\n<p style=\"text-align: center;\"><a href=\"https:\/\/www.atpra.eu\/wp-content\/uploads\/2018\/09\/10004_TLN_Betalingsvoorwaarden_2002-NL.pdf\" target=\"_blank\" rel=\"noopener noreferrer\"><strong>Betalingsvoorwaarden<\/strong><\/a><\/p>\n<p>[\/et_pb_blurb][\/et_pb_column][et_pb_column type=&#8220;1_4&#8243; _builder_version=&#8220;3.0.47&#8243; parallax=&#8220;off&#8220; parallax_method=&#8220;on&#8220;][et_pb_blurb url=&#8220;https:\/\/www.atpra.eu\/wp-content\/uploads\/2018\/09\/10002_Fenex-opslagvoorwaaden-NL.pdf&#8220; url_new_window=&#8220;on&#8220; image=&#8220;https:\/\/www.atpra.eu\/wp-content\/uploads\/2018\/06\/document.png&#8220; _builder_version=&#8220;3.14&#8243;]<\/p>\n<p style=\"text-align: center;\"><a href=\"https:\/\/www.atpra.eu\/wp-content\/uploads\/2018\/09\/10002_Fenex-opslagvoorwaaden-NL.pdf\" target=\"_blank\" rel=\"noopener noreferrer\"><strong>Opslagvoorwaarden<\/strong><\/a><\/p>\n<p>[\/et_pb_blurb][\/et_pb_column][\/et_pb_row][et_pb_row custom_padding=&#8220;|20px||20px&#8220; custom_margin=&#8220;20px|||&#8220; _builder_version=&#8220;3.7&#8243; background_color=&#8220;#f6f6f6&#8243; background_size=&#8220;initial&#8220; background_position=&#8220;top_left&#8220; background_repeat=&#8220;repeat&#8220;][et_pb_column type=&#8220;3_4&#8243; _builder_version=&#8220;3.0.47&#8243; parallax=&#8220;off&#8220; parallax_method=&#8220;on&#8220;][et_pb_text _builder_version=&#8220;3.7&#8243;]<a href=\"https:\/\/www.atpra.eu\/wp-content\/uploads\/2018\/02\/vlagGBR.gif\"><img loading=\"lazy\" decoding=\"async\" class=\"wp-image-6818 alignnone size-full\" src=\"https:\/\/www.atpra.eu\/wp-content\/uploads\/2018\/02\/vlagGBR.gif\" alt=\"\" width=\"33\" height=\"17\" \/><\/a><br \/>\nAll our services will be governed by the FENEX-conditions, however the Court of Rotterdam will have the sole jurisdiction. Dutch law will be applicable as well as the TLN Payment conditions.<br \/>\n[\/et_pb_text][\/et_pb_column][et_pb_column type=&#8220;1_4&#8243; _builder_version=&#8220;3.0.47&#8243; parallax=&#8220;off&#8220; parallax_method=&#8220;on&#8220;][\/et_pb_column][\/et_pb_row][et_pb_row custom_padding=&#8220;0|20px||20px|false|false&#8220; _builder_version=&#8220;3.14&#8243; background_color=&#8220;#f6f6f6&#8243; background_size=&#8220;initial&#8220; background_position=&#8220;top_left&#8220; background_repeat=&#8220;repeat&#8220;][et_pb_column type=&#8220;1_4&#8243; _builder_version=&#8220;3.0.47&#8243; parallax=&#8220;off&#8220; parallax_method=&#8220;on&#8220;][et_pb_blurb url=&#8220;https:\/\/www.atpra.eu\/wp-content\/uploads\/2018\/10\/ENG-NEDERLANDSE-EXPEDITIEVOORWAARDEN-ZONDER-LOGO-MET-CLAUSULE-per-1-mei-2018.pdf&#8220; url_new_window=&#8220;on&#8220; image=&#8220;https:\/\/www.atpra.eu\/wp-content\/uploads\/2018\/06\/document.png&#8220; _builder_version=&#8220;3.15&#8243;]<\/p>\n<p style=\"text-align: center;\"><strong><a href=\"https:\/\/www.atpra.eu\/wp-content\/uploads\/2018\/10\/ENG-NEDERLANDSE-EXPEDITIEVOORWAARDEN-ZONDER-LOGO-MET-CLAUSULE-per-1-mei-2018.pdf\" target=\"_blank\" rel=\"noopener noreferrer\">General conditions<\/a><\/strong><\/p>\n<p>[\/et_pb_blurb][\/et_pb_column][et_pb_column type=&#8220;1_4&#8243; _builder_version=&#8220;3.0.47&#8243; parallax=&#8220;off&#8220; parallax_method=&#8220;on&#8220;][et_pb_blurb url=&#8220;https:\/\/www.atpra.eu\/wp-content\/uploads\/2018\/09\/10005_Fenex-voorwaarden-Logistieke-activiteiten-EN.pdf&#8220; url_new_window=&#8220;on&#8220; image=&#8220;https:\/\/www.atpra.eu\/wp-content\/uploads\/2018\/06\/document.png&#8220; _builder_version=&#8220;3.14&#8243;]<\/p>\n<p style=\"text-align: center;\"><a href=\"https:\/\/www.atpra.eu\/wp-content\/uploads\/2018\/09\/10005_Fenex-voorwaarden-Logistieke-activiteiten-EN.pdf\" target=\"_blank\" rel=\"noopener noreferrer\"><strong>Terms and conditions<br \/>\nfor value added logistics<\/strong><\/a><\/p>\n<p>[\/et_pb_blurb][\/et_pb_column][et_pb_column type=&#8220;1_4&#8243; _builder_version=&#8220;3.0.47&#8243; parallax=&#8220;off&#8220; parallax_method=&#8220;on&#8220;][et_pb_blurb url=&#8220;https:\/\/www.atpra.eu\/wp-content\/uploads\/2018\/09\/10006_TLN_2002-Engels.pdf&#8220; url_new_window=&#8220;on&#8220; image=&#8220;https:\/\/www.atpra.eu\/wp-content\/uploads\/2018\/06\/document.png&#8220; _builder_version=&#8220;3.14&#8243;]<\/p>\n<p style=\"text-align: center;\"><a href=\"https:\/\/www.atpra.eu\/wp-content\/uploads\/2018\/09\/10006_TLN_2002-Engels.pdf\" target=\"_blank\" rel=\"noopener noreferrer\"><strong>General conditions<br \/>\nof payment<\/strong><\/a><\/p>\n<p>[\/et_pb_blurb][\/et_pb_column][et_pb_column type=&#8220;1_4&#8243; _builder_version=&#8220;3.0.47&#8243; parallax=&#8220;off&#8220; parallax_method=&#8220;on&#8220;][et_pb_blurb url=&#8220;https:\/\/www.atpra.eu\/wp-content\/uploads\/2018\/09\/10011_Fenex-opslagvoorwaaden-EN.pdf&#8220; url_new_window=&#8220;on&#8220; image=&#8220;https:\/\/www.atpra.eu\/wp-content\/uploads\/2018\/06\/document.png&#8220; _builder_version=&#8220;3.14&#8243;]<\/p>\n<p style=\"text-align: center;\"><a href=\"https:\/\/www.atpra.eu\/wp-content\/uploads\/2018\/09\/10011_Fenex-opslagvoorwaaden-EN.pdf\" target=\"_blank\" rel=\"noopener noreferrer\"><strong>Dutch warehousing conditions<\/strong><\/a><\/p>\n<p>[\/et_pb_blurb][\/et_pb_column][\/et_pb_row][et_pb_row custom_padding=&#8220;|20px||20px&#8220; custom_margin=&#8220;20px|||&#8220; _builder_version=&#8220;3.7&#8243; background_color=&#8220;#f6f6f6&#8243; background_size=&#8220;initial&#8220; background_position=&#8220;top_left&#8220; background_repeat=&#8220;repeat&#8220;][et_pb_column type=&#8220;1_2&#8243; _builder_version=&#8220;3.0.47&#8243; parallax=&#8220;off&#8220; parallax_method=&#8220;on&#8220;][et_pb_text _builder_version=&#8220;3.7&#8243;]<a href=\"https:\/\/www.atpra.eu\/wp-content\/uploads\/2018\/02\/vlagDE.gif\"><img loading=\"lazy\" decoding=\"async\" class=\"wp-image-6810 alignnone size-full\" src=\"https:\/\/www.atpra.eu\/wp-content\/uploads\/2018\/02\/vlagDE.gif\" alt=\"\" width=\"33\" height=\"17\" \/><\/a><br \/>\nF\u00fcr unsere Dienstleistungen gelten die FENEX-Bedingungen, sowie die TLN Zahlungsbedingungen. Niederl\u00e4ndisches Recht ist anwendbar. Der Gerichtsstand bei etwaigen Rechtsstreitigkeiten liegt ausschlie\u00dflich in den Niederlanden (Gericht Rotterdam).<br \/>\n[\/et_pb_text][\/et_pb_column][et_pb_column type=&#8220;1_4&#8243; _builder_version=&#8220;3.0.47&#8243; parallax=&#8220;off&#8220; parallax_method=&#8220;on&#8220;][et_pb_blurb url=&#8220;https:\/\/www.atpra.eu\/wp-content\/uploads\/2018\/10\/DU-NEDERLANDSE-EXPEDITIEVOORWAARDEN-ZONDER-LOGO-MET-CLAUSULE-per-1-mei-2018.pdf&#8220; url_new_window=&#8220;on&#8220; image=&#8220;https:\/\/www.atpra.eu\/wp-content\/uploads\/2018\/06\/document.png&#8220; _builder_version=&#8220;3.15&#8243;]<\/p>\n<p style=\"text-align: center;\"><strong><a title=\"ALLGEMEINE BEDINGUNGEN\" href=\"https:\/\/www.atpra.eu\/wp-content\/uploads\/2018\/10\/DU-NEDERLANDSE-EXPEDITIEVOORWAARDEN-ZONDER-LOGO-MET-CLAUSULE-per-1-mei-2018.pdf\" target=\"_blank\" rel=\"noopener noreferrer\">Allgemeine Bedingungen<\/a><\/strong><\/p>\n<p>[\/et_pb_blurb][\/et_pb_column][et_pb_column type=&#8220;1_4&#8243; _builder_version=&#8220;3.0.47&#8243; parallax=&#8220;off&#8220; parallax_method=&#8220;on&#8220;][et_pb_blurb url=&#8220;https:\/\/www.atpra.eu\/wp-content\/uploads\/2018\/09\/TLN_2002_Betalingscondities_DUITS.pdf&#8220; url_new_window=&#8220;on&#8220; image=&#8220;https:\/\/www.atpra.eu\/wp-content\/uploads\/2018\/06\/document.png&#8220; _builder_version=&#8220;3.14&#8243;]<\/p>\n<p style=\"text-align: center;\"><a href=\"https:\/\/www.atpra.eu\/wp-content\/uploads\/2018\/09\/TLN_2002_Betalingscondities_DUITS.pdf\" target=\"_blank\" rel=\"noopener noreferrer\"><strong>Allgemeine<br \/>\nZahlungsbedigungen<\/strong><\/a><\/p>\n<p>[\/et_pb_blurb][\/et_pb_column][\/et_pb_row][et_pb_row custom_padding=&#8220;|20px||20px&#8220; custom_margin=&#8220;20px|||&#8220; _builder_version=&#8220;3.7&#8243; background_color=&#8220;#f6f6f6&#8243; background_size=&#8220;initial&#8220; background_position=&#8220;top_left&#8220; background_repeat=&#8220;repeat&#8220;][et_pb_column type=&#8220;1_2&#8243; _builder_version=&#8220;3.0.47&#8243; parallax=&#8220;off&#8220; parallax_method=&#8220;on&#8220;][et_pb_text _builder_version=&#8220;3.7&#8243;]<a href=\"https:\/\/www.atpra.eu\/wp-content\/uploads\/2018\/02\/vlagFR.gif\"><img loading=\"lazy\" decoding=\"async\" class=\"wp-image-6811 alignnone size-full\" src=\"https:\/\/www.atpra.eu\/wp-content\/uploads\/2018\/02\/vlagFR.gif\" alt=\"\" width=\"33\" height=\"17\" \/><\/a><br \/>\nSeulement le droit N\u00e9erlandais, les conditions Fenex et les conditions de paiement TLN sont applicables. Seulement le tribunal de Rotterdam, Pays-Bas, sera comp\u00e9tent<br \/>\n[\/et_pb_text][\/et_pb_column][et_pb_column type=&#8220;1_4&#8243; _builder_version=&#8220;3.0.47&#8243; parallax=&#8220;off&#8220; parallax_method=&#8220;on&#8220;][et_pb_blurb url=&#8220;https:\/\/www.atpra.eu\/wp-content\/uploads\/2018\/10\/FR-NEDERLANDSE-EXPEDITIEVOORWAARDEN-ZONDER-LOGO-MET-CLAUSULE-per-1-mei-2018.pdf&#8220; url_new_window=&#8220;on&#8220; image=&#8220;https:\/\/www.atpra.eu\/wp-content\/uploads\/2018\/06\/document.png&#8220; _builder_version=&#8220;3.15&#8243;]<\/p>\n<p style=\"text-align: center;\"><strong><a title=\"Conditions g\u00e9n\u00e9rales\" href=\"https:\/\/www.atpra.eu\/wp-content\/uploads\/2018\/10\/FR-NEDERLANDSE-EXPEDITIEVOORWAARDEN-ZONDER-LOGO-MET-CLAUSULE-per-1-mei-2018.pdf\" target=\"_blank\" rel=\"noopener noreferrer\">Conditions g\u00e9n\u00e9rales<\/a><\/strong><\/p>\n<p>[\/et_pb_blurb][\/et_pb_column][et_pb_column type=&#8220;1_4&#8243; _builder_version=&#8220;3.0.47&#8243; parallax=&#8220;off&#8220; parallax_method=&#8220;on&#8220;][et_pb_blurb url=&#8220;https:\/\/www.atpra.eu\/wp-content\/uploads\/2018\/09\/10010_TLN_2002_-_FRANS.pdf&#8220; url_new_window=&#8220;on&#8220; image=&#8220;https:\/\/www.atpra.eu\/wp-content\/uploads\/2018\/06\/document.png&#8220; _builder_version=&#8220;3.14&#8243;]<\/p>\n<p style=\"text-align: center;\"><a href=\"https:\/\/www.atpra.eu\/wp-content\/uploads\/2018\/09\/10010_TLN_2002_-_FRANS.pdf\" target=\"_blank\" rel=\"noopener noreferrer\"><strong>Conditions g\u00e9n\u00e9rales<br \/>\nde paiement<\/strong><\/a><\/p>\n<p>[\/et_pb_blurb][\/et_pb_column][\/et_pb_row][et_pb_row custom_padding=&#8220;|20px||20px&#8220; custom_margin=&#8220;20px|||&#8220; _builder_version=&#8220;3.7&#8243; background_color=&#8220;#f6f6f6&#8243; background_size=&#8220;initial&#8220; background_position=&#8220;top_left&#8220; background_repeat=&#8220;repeat&#8220;][et_pb_column type=&#8220;1_4&#8243; _builder_version=&#8220;3.0.47&#8243; parallax=&#8220;off&#8220; parallax_method=&#8220;on&#8220;][et_pb_text _builder_version=&#8220;3.14&#8243;]<a href=\"https:\/\/www.atpra.eu\/wp-content\/uploads\/2018\/06\/flag-Spain.gif\"><img loading=\"lazy\" decoding=\"async\" class=\"wp-image-6881 alignnone size-full\" src=\"https:\/\/www.atpra.eu\/wp-content\/uploads\/2018\/06\/flag-Spain.gif\" alt=\"\" width=\"33\" height=\"17\" \/><\/a><br \/>\nTodos nuestros servicios se regir\u00e1n por las condiciones de FENEX, sin embargo, el Tribunal de Rotterdam tendr\u00e1 jurisdicci\u00f3n exclusiva. Se aplicar\u00e1 la ley holandesa y las condiciones de pago de TLN.<br \/>\n[\/et_pb_text][\/et_pb_column][et_pb_column type=&#8220;1_4&#8243; _builder_version=&#8220;3.0.47&#8243; parallax=&#8220;off&#8220; parallax_method=&#8220;on&#8220;][et_pb_blurb url=&#8220;https:\/\/www.atpra.eu\/wp-content\/uploads\/2018\/09\/10009_Fenex-conditiesF.pdf&#8220; url_new_window=&#8220;on&#8220; image=&#8220;https:\/\/www.atpra.eu\/wp-content\/uploads\/2018\/06\/document.png&#8220; _builder_version=&#8220;3.14&#8243;]<\/p>\n<p style=\"text-align: center;\"><strong><a href=\"https:\/\/www.atpra.eu\/wp-content\/uploads\/2018\/09\/10013_TLN_2002_-_SPAANS.pdf\" target=\"_blank\" rel=\"noopener noreferrer\">Condiciones generales<\/a><\/strong><br \/>\n<strong><a href=\"https:\/\/www.atpra.eu\/wp-content\/uploads\/2018\/09\/10013_TLN_2002_-_SPAANS.pdf\" target=\"_blank\" rel=\"noopener noreferrer\"> de pago<\/a><\/strong><\/p>\n<p>[\/et_pb_blurb][\/et_pb_column][et_pb_column type=&#8220;1_4&#8243; _builder_version=&#8220;3.0.47&#8243; parallax=&#8220;off&#8220; parallax_method=&#8220;on&#8220;][et_pb_text _builder_version=&#8220;3.14&#8243;]<a href=\"https:\/\/www.atpra.eu\/wp-content\/uploads\/2018\/06\/flag-italy.gif\"><img loading=\"lazy\" decoding=\"async\" class=\"wp-image-6882 alignnone size-full\" src=\"https:\/\/www.atpra.eu\/wp-content\/uploads\/2018\/06\/flag-italy.gif\" alt=\"\" width=\"33\" height=\"17\" \/><\/a><br \/>\nTutti i nostri servizi saranno regolati dalle condizioni FENEX, tuttavia il tribunale di Rotterdam avr\u00e0 la giurisdizione esclusiva. Sar\u00e0 applicabile la legge olandese e le condizioni di pagamento TLN.<\/p>\n<p>&nbsp;<br \/>\n[\/et_pb_text][\/et_pb_column][et_pb_column type=&#8220;1_4&#8243; _builder_version=&#8220;3.0.47&#8243; parallax=&#8220;off&#8220; parallax_method=&#8220;on&#8220;][et_pb_blurb url=&#8220;https:\/\/www.atpra.eu\/wp-content\/uploads\/2018\/09\/10012_TLN_2002_-_ITALIAANS.pdf&#8220; url_new_window=&#8220;on&#8220; image=&#8220;https:\/\/www.atpra.eu\/wp-content\/uploads\/2018\/06\/document.png&#8220; _builder_version=&#8220;3.14&#8243;]<\/p>\n<p style=\"text-align: center;\"><strong><a title=\"CONDIZIONI GENERALI DI PAGAMENTO\" href=\"https:\/\/www.atpra.eu\/wp-content\/uploads\/2018\/09\/10012_TLN_2002_-_ITALIAANS.pdf\" target=\"_blank\" rel=\"noopener noreferrer\">Condizioni generali<br \/>\ndi pagamento<\/a><\/strong><\/p>\n<p>[\/et_pb_blurb][\/et_pb_column][\/et_pb_row][\/et_pb_section]<\/p>\n","protected":false},"excerpt":{"rendered":"<p>Allgemeine Gesch\u00e4ftsbedingungen Op alle werkzaamheden zijn de Fenex-condities van toepassing, alsmede de TLN betalingscondities. In juridische zaken is de Rechtbank te Rotterdam de enige met jurisdictie. Nederlands recht is van toepassing. Algemene voorwaarden Voorwaarden logistieke activiteiten Betalingsvoorwaarden Opslagvoorwaarden All our services will be governed by the FENEX-conditions, however the Court of Rotterdam will have the [&hellip;]<\/p>\n","protected":false},"author":1,"featured_media":0,"parent":0,"menu_order":0,"comment_status":"closed","ping_status":"closed","template":"","meta":{"_et_pb_use_builder":"on","_et_pb_old_content":"","_et_gb_content_width":"","footnotes":""},"class_list":["post-6917","page","type-page","status-publish","hentry"],"yoast_head":"<!-- This site is optimized with the Yoast SEO plugin v27.3 - https:\/\/yoast.com\/product\/yoast-seo-wordpress\/ -->\n<title>Allgemeine Gesch\u00e4ftsbedingungen - PRA<\/title>\n<meta name=\"description\" content=\"De algemene voorwaarden van transport onderneming Pan European uit Nijmegen vindt u op deze pagina\" \/>\n<meta name=\"robots\" content=\"index, follow, max-snippet:-1, max-image-preview:large, max-video-preview:-1\" \/>\n<link rel=\"canonical\" href=\"https:\/\/www.atpra.eu\/de\/allgemeine-geschaftsbedingungen\/\" \/>\n<meta property=\"og:locale\" content=\"de_DE\" \/>\n<meta property=\"og:type\" content=\"article\" \/>\n<meta property=\"og:title\" content=\"Allgemeine Gesch\u00e4ftsbedingungen - PRA\" \/>\n<meta property=\"og:description\" content=\"De algemene voorwaarden van transport onderneming Pan European uit Nijmegen vindt u op deze pagina\" \/>\n<meta property=\"og:url\" content=\"https:\/\/www.atpra.eu\/de\/allgemeine-geschaftsbedingungen\/\" \/>\n<meta property=\"og:site_name\" content=\"PRA\" \/>\n<meta property=\"article:modified_time\" content=\"2018-10-05T08:54:12+00:00\" \/>\n<meta property=\"og:image\" content=\"https:\/\/www.atpra.eu\/wp-content\/uploads\/2018\/06\/vlagNL.gif\" \/>\n<meta name=\"twitter:card\" content=\"summary_large_image\" \/>\n<meta name=\"twitter:label1\" content=\"Gesch\u00e4tzte Lesezeit\" \/>\n\t<meta name=\"twitter:data1\" content=\"6\u00a0Minuten\" \/>\n<script type=\"application\/ld+json\" class=\"yoast-schema-graph\">{\"@context\":\"https:\\\/\\\/schema.org\",\"@graph\":[{\"@type\":\"WebPage\",\"@id\":\"https:\\\/\\\/www.atpra.eu\\\/de\\\/allgemeine-geschaftsbedingungen\\\/\",\"url\":\"https:\\\/\\\/www.atpra.eu\\\/de\\\/allgemeine-geschaftsbedingungen\\\/\",\"name\":\"Allgemeine Gesch\u00e4ftsbedingungen - PRA\",\"isPartOf\":{\"@id\":\"https:\\\/\\\/www.atpra.eu\\\/#website\"},\"primaryImageOfPage\":{\"@id\":\"https:\\\/\\\/www.atpra.eu\\\/de\\\/allgemeine-geschaftsbedingungen\\\/#primaryimage\"},\"image\":{\"@id\":\"https:\\\/\\\/www.atpra.eu\\\/de\\\/allgemeine-geschaftsbedingungen\\\/#primaryimage\"},\"thumbnailUrl\":\"https:\\\/\\\/www.atpra.eu\\\/wp-content\\\/uploads\\\/2018\\\/06\\\/vlagNL.gif\",\"datePublished\":\"2018-09-05T12:33:13+00:00\",\"dateModified\":\"2018-10-05T08:54:12+00:00\",\"description\":\"De algemene voorwaarden van transport onderneming Pan European uit Nijmegen vindt u op deze pagina\",\"breadcrumb\":{\"@id\":\"https:\\\/\\\/www.atpra.eu\\\/de\\\/allgemeine-geschaftsbedingungen\\\/#breadcrumb\"},\"inLanguage\":\"de\",\"potentialAction\":[{\"@type\":\"ReadAction\",\"target\":[\"https:\\\/\\\/www.atpra.eu\\\/de\\\/allgemeine-geschaftsbedingungen\\\/\"]}]},{\"@type\":\"ImageObject\",\"inLanguage\":\"de\",\"@id\":\"https:\\\/\\\/www.atpra.eu\\\/de\\\/allgemeine-geschaftsbedingungen\\\/#primaryimage\",\"url\":\"https:\\\/\\\/www.atpra.eu\\\/wp-content\\\/uploads\\\/2018\\\/06\\\/vlagNL.gif\",\"contentUrl\":\"https:\\\/\\\/www.atpra.eu\\\/wp-content\\\/uploads\\\/2018\\\/06\\\/vlagNL.gif\"},{\"@type\":\"BreadcrumbList\",\"@id\":\"https:\\\/\\\/www.atpra.eu\\\/de\\\/allgemeine-geschaftsbedingungen\\\/#breadcrumb\",\"itemListElement\":[{\"@type\":\"ListItem\",\"position\":1,\"name\":\"Home\",\"item\":\"https:\\\/\\\/www.atpra.eu\\\/de\\\/\"},{\"@type\":\"ListItem\",\"position\":2,\"name\":\"Allgemeine Gesch\u00e4ftsbedingungen\"}]},{\"@type\":\"WebSite\",\"@id\":\"https:\\\/\\\/www.atpra.eu\\\/#website\",\"url\":\"https:\\\/\\\/www.atpra.eu\\\/\",\"name\":\"PRA\",\"description\":\"Transeuropean roadtransport\",\"potentialAction\":[{\"@type\":\"SearchAction\",\"target\":{\"@type\":\"EntryPoint\",\"urlTemplate\":\"https:\\\/\\\/www.atpra.eu\\\/?s={search_term_string}\"},\"query-input\":{\"@type\":\"PropertyValueSpecification\",\"valueRequired\":true,\"valueName\":\"search_term_string\"}}],\"inLanguage\":\"de\"}]}<\/script>\n<!-- \/ Yoast SEO plugin. -->","yoast_head_json":{"title":"Allgemeine Gesch\u00e4ftsbedingungen - PRA","description":"De algemene voorwaarden van transport onderneming Pan European uit Nijmegen vindt u op deze pagina","robots":{"index":"index","follow":"follow","max-snippet":"max-snippet:-1","max-image-preview":"max-image-preview:large","max-video-preview":"max-video-preview:-1"},"canonical":"https:\/\/www.atpra.eu\/de\/allgemeine-geschaftsbedingungen\/","og_locale":"de_DE","og_type":"article","og_title":"Allgemeine Gesch\u00e4ftsbedingungen - PRA","og_description":"De algemene voorwaarden van transport onderneming Pan European uit Nijmegen vindt u op deze pagina","og_url":"https:\/\/www.atpra.eu\/de\/allgemeine-geschaftsbedingungen\/","og_site_name":"PRA","article_modified_time":"2018-10-05T08:54:12+00:00","og_image":[{"url":"https:\/\/www.atpra.eu\/wp-content\/uploads\/2018\/06\/vlagNL.gif","type":"","width":"","height":""}],"twitter_card":"summary_large_image","twitter_misc":{"Gesch\u00e4tzte Lesezeit":"6\u00a0Minuten"},"schema":{"@context":"https:\/\/schema.org","@graph":[{"@type":"WebPage","@id":"https:\/\/www.atpra.eu\/de\/allgemeine-geschaftsbedingungen\/","url":"https:\/\/www.atpra.eu\/de\/allgemeine-geschaftsbedingungen\/","name":"Allgemeine Gesch\u00e4ftsbedingungen - PRA","isPartOf":{"@id":"https:\/\/www.atpra.eu\/#website"},"primaryImageOfPage":{"@id":"https:\/\/www.atpra.eu\/de\/allgemeine-geschaftsbedingungen\/#primaryimage"},"image":{"@id":"https:\/\/www.atpra.eu\/de\/allgemeine-geschaftsbedingungen\/#primaryimage"},"thumbnailUrl":"https:\/\/www.atpra.eu\/wp-content\/uploads\/2018\/06\/vlagNL.gif","datePublished":"2018-09-05T12:33:13+00:00","dateModified":"2018-10-05T08:54:12+00:00","description":"De algemene voorwaarden van transport onderneming Pan European uit Nijmegen vindt u op deze pagina","breadcrumb":{"@id":"https:\/\/www.atpra.eu\/de\/allgemeine-geschaftsbedingungen\/#breadcrumb"},"inLanguage":"de","potentialAction":[{"@type":"ReadAction","target":["https:\/\/www.atpra.eu\/de\/allgemeine-geschaftsbedingungen\/"]}]},{"@type":"ImageObject","inLanguage":"de","@id":"https:\/\/www.atpra.eu\/de\/allgemeine-geschaftsbedingungen\/#primaryimage","url":"https:\/\/www.atpra.eu\/wp-content\/uploads\/2018\/06\/vlagNL.gif","contentUrl":"https:\/\/www.atpra.eu\/wp-content\/uploads\/2018\/06\/vlagNL.gif"},{"@type":"BreadcrumbList","@id":"https:\/\/www.atpra.eu\/de\/allgemeine-geschaftsbedingungen\/#breadcrumb","itemListElement":[{"@type":"ListItem","position":1,"name":"Home","item":"https:\/\/www.atpra.eu\/de\/"},{"@type":"ListItem","position":2,"name":"Allgemeine Gesch\u00e4ftsbedingungen"}]},{"@type":"WebSite","@id":"https:\/\/www.atpra.eu\/#website","url":"https:\/\/www.atpra.eu\/","name":"PRA","description":"Transeuropean roadtransport","potentialAction":[{"@type":"SearchAction","target":{"@type":"EntryPoint","urlTemplate":"https:\/\/www.atpra.eu\/?s={search_term_string}"},"query-input":{"@type":"PropertyValueSpecification","valueRequired":true,"valueName":"search_term_string"}}],"inLanguage":"de"}]}},"_links":{"self":[{"href":"https:\/\/www.atpra.eu\/de\/wp-json\/wp\/v2\/pages\/6917","targetHints":{"allow":["GET"]}}],"collection":[{"href":"https:\/\/www.atpra.eu\/de\/wp-json\/wp\/v2\/pages"}],"about":[{"href":"https:\/\/www.atpra.eu\/de\/wp-json\/wp\/v2\/types\/page"}],"author":[{"embeddable":true,"href":"https:\/\/www.atpra.eu\/de\/wp-json\/wp\/v2\/users\/1"}],"replies":[{"embeddable":true,"href":"https:\/\/www.atpra.eu\/de\/wp-json\/wp\/v2\/comments?post=6917"}],"version-history":[{"count":10,"href":"https:\/\/www.atpra.eu\/de\/wp-json\/wp\/v2\/pages\/6917\/revisions"}],"predecessor-version":[{"id":7365,"href":"https:\/\/www.atpra.eu\/de\/wp-json\/wp\/v2\/pages\/6917\/revisions\/7365"}],"wp:attachment":[{"href":"https:\/\/www.atpra.eu\/de\/wp-json\/wp\/v2\/media?parent=6917"}],"curies":[{"name":"wp","href":"https:\/\/api.w.org\/{rel}","templated":true}]}}